{"id":2677,"date":"2019-06-18T15:38:47","date_gmt":"2019-06-18T19:38:47","guid":{"rendered":"http:\/\/www.ccra-acrc.ca\/current-strategy\/"},"modified":"2025-07-16T18:45:40","modified_gmt":"2025-07-16T22:45:40","slug":"current-strategy","status":"publish","type":"page","link":"https:\/\/www.ccra-acrc.ca\/fr\/about-us\/current-strategy\/","title":{"rendered":"Priorit\u00e9s"},"content":{"rendered":"","protected":false},"excerpt":{"rendered":"","protected":false},"author":4,"featured_media":0,"parent":2678,"menu_order":2,"comment_status":"closed","ping_status":"closed","template":"","meta":{"_acf_changed":false,"_monsterinsights_skip_tracking":false,"_monsterinsights_sitenote_active":false,"_monsterinsights_sitenote_note":"","_monsterinsights_sitenote_category":0,"footnotes":""},"class_list":["post-2677","page","type-page","status-publish","hentry"],"acf":[],"yoast_head":"<!-- This site is optimized with the Yoast SEO plugin v27.3 - https:\/\/yoast.com\/product\/yoast-seo-wordpress\/ -->\n<title>Strat\u00e9gie actuelle | \u00c0 propos de nous | Alliance canadienne pour la recherche sur le cancer (ACRC)<\/title>\n<meta name=\"description\" content=\"Apprenez-en davantage sur Objectif 2020, la strat\u00e9gie actuelle de l\u2019ACRC qui d\u00e9crit les mesures \u00e0 prendre pour donner suite aux priorit\u00e9s de 2015 \u00e0 2020 en mati\u00e8re de recherche coordonn\u00e9e sur le cancer.\" \/>\n<meta name=\"robots\" content=\"index, follow, max-snippet:-1, max-image-preview:large, max-video-preview:-1\" \/>\n<link rel=\"canonical\" href=\"http:\/\/www.ccra-acrc.ca\/fr\/about-us\/current-strategy\/\" \/>\n<meta property=\"og:locale\" content=\"fr_FR\" \/>\n<meta property=\"og:type\" content=\"article\" \/>\n<meta property=\"og:title\" content=\"Strat\u00e9gie actuelle | \u00c0 propos de nous | Alliance canadienne pour la recherche sur le cancer (ACRC)\" \/>\n<meta property=\"og:description\" content=\"Apprenez-en davantage sur Objectif 2020, la strat\u00e9gie actuelle de l\u2019ACRC qui d\u00e9crit les mesures \u00e0 prendre pour donner suite aux priorit\u00e9s de 2015 \u00e0 2020 en mati\u00e8re de recherche coordonn\u00e9e sur le cancer.\" \/>\n<meta property=\"og:url\" content=\"http:\/\/www.ccra-acrc.ca\/fr\/about-us\/current-strategy\/\" \/>\n<meta property=\"og:site_name\" content=\"CCRA\" \/>\n<meta property=\"article:modified_time\" content=\"2025-07-16T22:45:40+00:00\" \/>\n<meta name=\"twitter:card\" content=\"summary_large_image\" \/>\n<script type=\"application\/ld+json\" class=\"yoast-schema-graph\">{\"@context\":\"https:\\\/\\\/schema.org\",\"@graph\":[{\"@type\":\"WebPage\",\"@id\":\"http:\\\/\\\/www.ccra-acrc.ca\\\/fr\\\/about-us\\\/current-strategy\\\/\",\"url\":\"http:\\\/\\\/www.ccra-acrc.ca\\\/fr\\\/about-us\\\/current-strategy\\\/\",\"name\":\"Strat\u00e9gie actuelle | \u00c0 propos de nous | Alliance canadienne pour la recherche sur le cancer (ACRC)\",\"isPartOf\":{\"@id\":\"https:\\\/\\\/www.ccra-acrc.ca\\\/#website\"},\"datePublished\":\"2019-06-18T19:38:47+00:00\",\"dateModified\":\"2025-07-16T22:45:40+00:00\",\"description\":\"Apprenez-en davantage sur Objectif 2020, la strat\u00e9gie actuelle de l\u2019ACRC qui d\u00e9crit les mesures \u00e0 prendre pour donner suite aux priorit\u00e9s de 2015 \u00e0 2020 en mati\u00e8re de recherche coordonn\u00e9e sur le cancer.\",\"breadcrumb\":{\"@id\":\"http:\\\/\\\/www.ccra-acrc.ca\\\/fr\\\/about-us\\\/current-strategy\\\/#breadcrumb\"},\"inLanguage\":\"fr-FR\",\"potentialAction\":[{\"@type\":\"ReadAction\",\"target\":[\"http:\\\/\\\/www.ccra-acrc.ca\\\/fr\\\/about-us\\\/current-strategy\\\/\"]}]},{\"@type\":\"BreadcrumbList\",\"@id\":\"http:\\\/\\\/www.ccra-acrc.ca\\\/fr\\\/about-us\\\/current-strategy\\\/#breadcrumb\",\"itemListElement\":[{\"@type\":\"ListItem\",\"position\":1,\"name\":\"\u00c0 propos de nous\",\"item\":\"https:\\\/\\\/www.ccra-acrc.ca\\\/fr\\\/about-us\\\/\"},{\"@type\":\"ListItem\",\"position\":2,\"name\":\"Priorit\u00e9s\"}]},{\"@type\":\"WebSite\",\"@id\":\"https:\\\/\\\/www.ccra-acrc.ca\\\/#website\",\"url\":\"https:\\\/\\\/www.ccra-acrc.ca\\\/\",\"name\":\"CCRA\",\"description\":\"The Canadian Cancer Research Alliance\",\"publisher\":{\"@id\":\"https:\\\/\\\/www.ccra-acrc.ca\\\/#organization\"},\"potentialAction\":[{\"@type\":\"SearchAction\",\"target\":{\"@type\":\"EntryPoint\",\"urlTemplate\":\"https:\\\/\\\/www.ccra-acrc.ca\\\/?s={search_term_string}\"},\"query-input\":{\"@type\":\"PropertyValueSpecification\",\"valueRequired\":true,\"valueName\":\"search_term_string\"}}],\"inLanguage\":\"fr-FR\"},{\"@type\":\"Organization\",\"@id\":\"https:\\\/\\\/www.ccra-acrc.ca\\\/#organization\",\"name\":\"Canadian Cancer Research Conference\",\"url\":\"https:\\\/\\\/www.ccra-acrc.ca\\\/\",\"logo\":{\"@type\":\"ImageObject\",\"inLanguage\":\"fr-FR\",\"@id\":\"https:\\\/\\\/www.ccra-acrc.ca\\\/#\\\/schema\\\/logo\\\/image\\\/\",\"url\":\"https:\\\/\\\/www.ccra-acrc.ca\\\/wp-content\\\/uploads\\\/2017\\\/01\\\/ccra_logo.jpg\",\"contentUrl\":\"https:\\\/\\\/www.ccra-acrc.ca\\\/wp-content\\\/uploads\\\/2017\\\/01\\\/ccra_logo.jpg\",\"width\":108,\"height\":78,\"caption\":\"Canadian Cancer Research Conference\"},\"image\":{\"@id\":\"https:\\\/\\\/www.ccra-acrc.ca\\\/#\\\/schema\\\/logo\\\/image\\\/\"}}]}<\/script>\n<!-- \/ Yoast SEO plugin. -->","yoast_head_json":{"title":"Strat\u00e9gie actuelle | \u00c0 propos de nous | Alliance canadienne pour la recherche sur le cancer (ACRC)","description":"Apprenez-en davantage sur Objectif 2020, la strat\u00e9gie actuelle de l\u2019ACRC qui d\u00e9crit les mesures \u00e0 prendre pour donner suite aux priorit\u00e9s de 2015 \u00e0 2020 en mati\u00e8re de recherche coordonn\u00e9e sur le cancer.","robots":{"index":"index","follow":"follow","max-snippet":"max-snippet:-1","max-image-preview":"max-image-preview:large","max-video-preview":"max-video-preview:-1"},"canonical":"http:\/\/www.ccra-acrc.ca\/fr\/about-us\/current-strategy\/","og_locale":"fr_FR","og_type":"article","og_title":"Strat\u00e9gie actuelle | \u00c0 propos de nous | Alliance canadienne pour la recherche sur le cancer (ACRC)","og_description":"Apprenez-en davantage sur Objectif 2020, la strat\u00e9gie actuelle de l\u2019ACRC qui d\u00e9crit les mesures \u00e0 prendre pour donner suite aux priorit\u00e9s de 2015 \u00e0 2020 en mati\u00e8re de recherche coordonn\u00e9e sur le cancer.","og_url":"http:\/\/www.ccra-acrc.ca\/fr\/about-us\/current-strategy\/","og_site_name":"CCRA","article_modified_time":"2025-07-16T22:45:40+00:00","twitter_card":"summary_large_image","schema":{"@context":"https:\/\/schema.org","@graph":[{"@type":"WebPage","@id":"http:\/\/www.ccra-acrc.ca\/fr\/about-us\/current-strategy\/","url":"http:\/\/www.ccra-acrc.ca\/fr\/about-us\/current-strategy\/","name":"Strat\u00e9gie actuelle | \u00c0 propos de nous | Alliance canadienne pour la recherche sur le cancer (ACRC)","isPartOf":{"@id":"https:\/\/www.ccra-acrc.ca\/#website"},"datePublished":"2019-06-18T19:38:47+00:00","dateModified":"2025-07-16T22:45:40+00:00","description":"Apprenez-en davantage sur Objectif 2020, la strat\u00e9gie actuelle de l\u2019ACRC qui d\u00e9crit les mesures \u00e0 prendre pour donner suite aux priorit\u00e9s de 2015 \u00e0 2020 en mati\u00e8re de recherche coordonn\u00e9e sur le cancer.","breadcrumb":{"@id":"http:\/\/www.ccra-acrc.ca\/fr\/about-us\/current-strategy\/#breadcrumb"},"inLanguage":"fr-FR","potentialAction":[{"@type":"ReadAction","target":["http:\/\/www.ccra-acrc.ca\/fr\/about-us\/current-strategy\/"]}]},{"@type":"BreadcrumbList","@id":"http:\/\/www.ccra-acrc.ca\/fr\/about-us\/current-strategy\/#breadcrumb","itemListElement":[{"@type":"ListItem","position":1,"name":"\u00c0 propos de nous","item":"https:\/\/www.ccra-acrc.ca\/fr\/about-us\/"},{"@type":"ListItem","position":2,"name":"Priorit\u00e9s"}]},{"@type":"WebSite","@id":"https:\/\/www.ccra-acrc.ca\/#website","url":"https:\/\/www.ccra-acrc.ca\/","name":"CCRA","description":"The Canadian Cancer Research Alliance","publisher":{"@id":"https:\/\/www.ccra-acrc.ca\/#organization"},"potentialAction":[{"@type":"SearchAction","target":{"@type":"EntryPoint","urlTemplate":"https:\/\/www.ccra-acrc.ca\/?s={search_term_string}"},"query-input":{"@type":"PropertyValueSpecification","valueRequired":true,"valueName":"search_term_string"}}],"inLanguage":"fr-FR"},{"@type":"Organization","@id":"https:\/\/www.ccra-acrc.ca\/#organization","name":"Canadian Cancer Research Conference","url":"https:\/\/www.ccra-acrc.ca\/","logo":{"@type":"ImageObject","inLanguage":"fr-FR","@id":"https:\/\/www.ccra-acrc.ca\/#\/schema\/logo\/image\/","url":"https:\/\/www.ccra-acrc.ca\/wp-content\/uploads\/2017\/01\/ccra_logo.jpg","contentUrl":"https:\/\/www.ccra-acrc.ca\/wp-content\/uploads\/2017\/01\/ccra_logo.jpg","width":108,"height":78,"caption":"Canadian Cancer Research Conference"},"image":{"@id":"https:\/\/www.ccra-acrc.ca\/#\/schema\/logo\/image\/"}}]}},"_links":{"self":[{"href":"https:\/\/www.ccra-acrc.ca\/fr\/wp-json\/wp\/v2\/pages\/2677","targetHints":{"allow":["GET"]}}],"collection":[{"href":"https:\/\/www.ccra-acrc.ca\/fr\/wp-json\/wp\/v2\/pages"}],"about":[{"href":"https:\/\/www.ccra-acrc.ca\/fr\/wp-json\/wp\/v2\/types\/page"}],"author":[{"embeddable":true,"href":"https:\/\/www.ccra-acrc.ca\/fr\/wp-json\/wp\/v2\/users\/4"}],"replies":[{"embeddable":true,"href":"https:\/\/www.ccra-acrc.ca\/fr\/wp-json\/wp\/v2\/comments?post=2677"}],"version-history":[{"count":0,"href":"https:\/\/www.ccra-acrc.ca\/fr\/wp-json\/wp\/v2\/pages\/2677\/revisions"}],"up":[{"embeddable":true,"href":"https:\/\/www.ccra-acrc.ca\/fr\/wp-json\/wp\/v2\/pages\/2678"}],"wp:attachment":[{"href":"https:\/\/www.ccra-acrc.ca\/fr\/wp-json\/wp\/v2\/media?parent=2677"}],"curies":[{"name":"wp","href":"https:\/\/api.w.org\/{rel}","templated":true}]}}