{"id":2708,"date":"2019-06-20T10:00:08","date_gmt":"2019-06-20T14:00:08","guid":{"rendered":"http:\/\/www.ccra-acrc.ca\/tools\/annual-snapshot\/"},"modified":"2024-01-12T07:34:35","modified_gmt":"2024-01-12T12:34:35","slug":"apercu_annuel","status":"publish","type":"page","link":"https:\/\/www.ccra-acrc.ca\/fr\/tools\/apercu_annuel\/","title":{"rendered":"Aper\u00e7u annuel"},"content":{"rendered":"","protected":false},"excerpt":{"rendered":"","protected":false},"author":4,"featured_media":0,"parent":2707,"menu_order":1,"comment_status":"closed","ping_status":"closed","template":"template-1col.php","meta":{"_acf_changed":false,"_monsterinsights_skip_tracking":false,"_monsterinsights_sitenote_active":false,"_monsterinsights_sitenote_note":"","_monsterinsights_sitenote_category":0,"footnotes":""},"class_list":["post-2708","page","type-page","status-publish","hentry"],"acf":[],"yoast_head":"<!-- This site is optimized with the Yoast SEO plugin v27.2 - https:\/\/yoast.com\/product\/yoast-seo-wordpress\/ -->\n<title>Aper\u00e7u annuel | Outils | Alliance canadienne pour la recherche sur le cancer (ACRC)<\/title>\n<meta name=\"description\" content=\"Utilisez le rapport interactif aper\u00e7u annuel de l&#039;Alliance canadienne pour la recherche sur le cancer pour consulter les donn\u00e9es d&#039;investissement dans la recherche sur le cancer pour une seule ann\u00e9e.\" \/>\n<meta name=\"robots\" content=\"index, follow, max-snippet:-1, max-image-preview:large, max-video-preview:-1\" \/>\n<link rel=\"canonical\" href=\"http:\/\/www.ccra-acrc.ca\/fr\/tools\/apercu_annuel\/\" \/>\n<meta property=\"og:locale\" content=\"fr_FR\" \/>\n<meta property=\"og:type\" content=\"article\" \/>\n<meta property=\"og:title\" content=\"Aper\u00e7u annuel | Outils | Alliance canadienne pour la recherche sur le cancer (ACRC)\" \/>\n<meta property=\"og:description\" content=\"Utilisez le rapport interactif aper\u00e7u annuel de l&#039;Alliance canadienne pour la recherche sur le cancer pour consulter les donn\u00e9es d&#039;investissement dans la recherche sur le cancer pour une seule ann\u00e9e.\" \/>\n<meta property=\"og:url\" content=\"http:\/\/www.ccra-acrc.ca\/fr\/tools\/apercu_annuel\/\" \/>\n<meta property=\"og:site_name\" content=\"CCRA\" \/>\n<meta property=\"article:modified_time\" content=\"2024-01-12T12:34:35+00:00\" \/>\n<meta name=\"twitter:card\" content=\"summary_large_image\" \/>\n<script type=\"application\/ld+json\" class=\"yoast-schema-graph\">{\"@context\":\"https:\/\/schema.org\",\"@graph\":[{\"@type\":\"WebPage\",\"@id\":\"http:\/\/www.ccra-acrc.ca\/fr\/tools\/apercu_annuel\/\",\"url\":\"http:\/\/www.ccra-acrc.ca\/fr\/tools\/apercu_annuel\/\",\"name\":\"Aper\u00e7u annuel | Outils | Alliance canadienne pour la recherche sur le cancer (ACRC)\",\"isPartOf\":{\"@id\":\"https:\/\/www.ccra-acrc.ca\/#website\"},\"datePublished\":\"2019-06-20T14:00:08+00:00\",\"dateModified\":\"2024-01-12T12:34:35+00:00\",\"description\":\"Utilisez le rapport interactif aper\u00e7u annuel de l'Alliance canadienne pour la recherche sur le cancer pour consulter les donn\u00e9es d'investissement dans la recherche sur le cancer pour une seule ann\u00e9e.\",\"breadcrumb\":{\"@id\":\"http:\/\/www.ccra-acrc.ca\/fr\/tools\/apercu_annuel\/#breadcrumb\"},\"inLanguage\":\"fr-FR\",\"potentialAction\":[{\"@type\":\"ReadAction\",\"target\":[\"http:\/\/www.ccra-acrc.ca\/fr\/tools\/apercu_annuel\/\"]}]},{\"@type\":\"BreadcrumbList\",\"@id\":\"http:\/\/www.ccra-acrc.ca\/fr\/tools\/apercu_annuel\/#breadcrumb\",\"itemListElement\":[{\"@type\":\"ListItem\",\"position\":1,\"name\":\"Outils\",\"item\":\"https:\/\/www.ccra-acrc.ca\/fr\/tools\/\"},{\"@type\":\"ListItem\",\"position\":2,\"name\":\"Aper\u00e7u annuel\"}]},{\"@type\":\"WebSite\",\"@id\":\"https:\/\/www.ccra-acrc.ca\/#website\",\"url\":\"https:\/\/www.ccra-acrc.ca\/\",\"name\":\"CCRA\",\"description\":\"The Canadian Cancer Research Alliance\",\"publisher\":{\"@id\":\"https:\/\/www.ccra-acrc.ca\/#organization\"},\"potentialAction\":[{\"@type\":\"SearchAction\",\"target\":{\"@type\":\"EntryPoint\",\"urlTemplate\":\"https:\/\/www.ccra-acrc.ca\/?s={search_term_string}\"},\"query-input\":{\"@type\":\"PropertyValueSpecification\",\"valueRequired\":true,\"valueName\":\"search_term_string\"}}],\"inLanguage\":\"fr-FR\"},{\"@type\":\"Organization\",\"@id\":\"https:\/\/www.ccra-acrc.ca\/#organization\",\"name\":\"Canadian Cancer Research Conference\",\"url\":\"https:\/\/www.ccra-acrc.ca\/\",\"logo\":{\"@type\":\"ImageObject\",\"inLanguage\":\"fr-FR\",\"@id\":\"https:\/\/www.ccra-acrc.ca\/#\/schema\/logo\/image\/\",\"url\":\"https:\/\/www.ccra-acrc.ca\/wp-content\/uploads\/2017\/01\/ccra_logo.jpg\",\"contentUrl\":\"https:\/\/www.ccra-acrc.ca\/wp-content\/uploads\/2017\/01\/ccra_logo.jpg\",\"width\":108,\"height\":78,\"caption\":\"Canadian Cancer Research Conference\"},\"image\":{\"@id\":\"https:\/\/www.ccra-acrc.ca\/#\/schema\/logo\/image\/\"}}]}<\/script>\n<!-- \/ Yoast SEO plugin. -->","yoast_head_json":{"title":"Aper\u00e7u annuel | Outils | Alliance canadienne pour la recherche sur le cancer (ACRC)","description":"Utilisez le rapport interactif aper\u00e7u annuel de l'Alliance canadienne pour la recherche sur le cancer pour consulter les donn\u00e9es d'investissement dans la recherche sur le cancer pour une seule ann\u00e9e.","robots":{"index":"index","follow":"follow","max-snippet":"max-snippet:-1","max-image-preview":"max-image-preview:large","max-video-preview":"max-video-preview:-1"},"canonical":"http:\/\/www.ccra-acrc.ca\/fr\/tools\/apercu_annuel\/","og_locale":"fr_FR","og_type":"article","og_title":"Aper\u00e7u annuel | Outils | Alliance canadienne pour la recherche sur le cancer (ACRC)","og_description":"Utilisez le rapport interactif aper\u00e7u annuel de l'Alliance canadienne pour la recherche sur le cancer pour consulter les donn\u00e9es d'investissement dans la recherche sur le cancer pour une seule ann\u00e9e.","og_url":"http:\/\/www.ccra-acrc.ca\/fr\/tools\/apercu_annuel\/","og_site_name":"CCRA","article_modified_time":"2024-01-12T12:34:35+00:00","twitter_card":"summary_large_image","schema":{"@context":"https:\/\/schema.org","@graph":[{"@type":"WebPage","@id":"http:\/\/www.ccra-acrc.ca\/fr\/tools\/apercu_annuel\/","url":"http:\/\/www.ccra-acrc.ca\/fr\/tools\/apercu_annuel\/","name":"Aper\u00e7u annuel | Outils | Alliance canadienne pour la recherche sur le cancer (ACRC)","isPartOf":{"@id":"https:\/\/www.ccra-acrc.ca\/#website"},"datePublished":"2019-06-20T14:00:08+00:00","dateModified":"2024-01-12T12:34:35+00:00","description":"Utilisez le rapport interactif aper\u00e7u annuel de l'Alliance canadienne pour la recherche sur le cancer pour consulter les donn\u00e9es d'investissement dans la recherche sur le cancer pour une seule ann\u00e9e.","breadcrumb":{"@id":"http:\/\/www.ccra-acrc.ca\/fr\/tools\/apercu_annuel\/#breadcrumb"},"inLanguage":"fr-FR","potentialAction":[{"@type":"ReadAction","target":["http:\/\/www.ccra-acrc.ca\/fr\/tools\/apercu_annuel\/"]}]},{"@type":"BreadcrumbList","@id":"http:\/\/www.ccra-acrc.ca\/fr\/tools\/apercu_annuel\/#breadcrumb","itemListElement":[{"@type":"ListItem","position":1,"name":"Outils","item":"https:\/\/www.ccra-acrc.ca\/fr\/tools\/"},{"@type":"ListItem","position":2,"name":"Aper\u00e7u annuel"}]},{"@type":"WebSite","@id":"https:\/\/www.ccra-acrc.ca\/#website","url":"https:\/\/www.ccra-acrc.ca\/","name":"CCRA","description":"The Canadian Cancer Research Alliance","publisher":{"@id":"https:\/\/www.ccra-acrc.ca\/#organization"},"potentialAction":[{"@type":"SearchAction","target":{"@type":"EntryPoint","urlTemplate":"https:\/\/www.ccra-acrc.ca\/?s={search_term_string}"},"query-input":{"@type":"PropertyValueSpecification","valueRequired":true,"valueName":"search_term_string"}}],"inLanguage":"fr-FR"},{"@type":"Organization","@id":"https:\/\/www.ccra-acrc.ca\/#organization","name":"Canadian Cancer Research Conference","url":"https:\/\/www.ccra-acrc.ca\/","logo":{"@type":"ImageObject","inLanguage":"fr-FR","@id":"https:\/\/www.ccra-acrc.ca\/#\/schema\/logo\/image\/","url":"https:\/\/www.ccra-acrc.ca\/wp-content\/uploads\/2017\/01\/ccra_logo.jpg","contentUrl":"https:\/\/www.ccra-acrc.ca\/wp-content\/uploads\/2017\/01\/ccra_logo.jpg","width":108,"height":78,"caption":"Canadian Cancer Research Conference"},"image":{"@id":"https:\/\/www.ccra-acrc.ca\/#\/schema\/logo\/image\/"}}]}},"_links":{"self":[{"href":"https:\/\/www.ccra-acrc.ca\/fr\/wp-json\/wp\/v2\/pages\/2708","targetHints":{"allow":["GET"]}}],"collection":[{"href":"https:\/\/www.ccra-acrc.ca\/fr\/wp-json\/wp\/v2\/pages"}],"about":[{"href":"https:\/\/www.ccra-acrc.ca\/fr\/wp-json\/wp\/v2\/types\/page"}],"author":[{"embeddable":true,"href":"https:\/\/www.ccra-acrc.ca\/fr\/wp-json\/wp\/v2\/users\/4"}],"replies":[{"embeddable":true,"href":"https:\/\/www.ccra-acrc.ca\/fr\/wp-json\/wp\/v2\/comments?post=2708"}],"version-history":[{"count":0,"href":"https:\/\/www.ccra-acrc.ca\/fr\/wp-json\/wp\/v2\/pages\/2708\/revisions"}],"up":[{"embeddable":true,"href":"https:\/\/www.ccra-acrc.ca\/fr\/wp-json\/wp\/v2\/pages\/2707"}],"wp:attachment":[{"href":"https:\/\/www.ccra-acrc.ca\/fr\/wp-json\/wp\/v2\/media?parent=2708"}],"curies":[{"name":"wp","href":"https:\/\/api.w.org\/{rel}","templated":true}]}}