{"id":2709,"date":"2019-06-20T10:00:27","date_gmt":"2019-06-20T14:00:27","guid":{"rendered":"http:\/\/www.ccra-acrc.ca\/tools\/funder-profile\/"},"modified":"2024-01-12T07:36:10","modified_gmt":"2024-01-12T12:36:10","slug":"funder-profile","status":"publish","type":"page","link":"https:\/\/www.ccra-acrc.ca\/fr\/tools\/funder-profile\/","title":{"rendered":"Profil du bailleur de fonds"},"content":{"rendered":"","protected":false},"excerpt":{"rendered":"","protected":false},"author":4,"featured_media":0,"parent":2707,"menu_order":2,"comment_status":"closed","ping_status":"closed","template":"template-1col.php","meta":{"_acf_changed":false,"_monsterinsights_skip_tracking":false,"_monsterinsights_sitenote_active":false,"_monsterinsights_sitenote_note":"","_monsterinsights_sitenote_category":0,"footnotes":""},"class_list":["post-2709","page","type-page","status-publish","hentry"],"acf":[],"yoast_head":"<!-- This site is optimized with the Yoast SEO plugin v27.3 - https:\/\/yoast.com\/product\/yoast-seo-wordpress\/ -->\n<title>Profil du bailleur de fonds | Outils | Alliance canadienne pour la recherche sur le cancer (ACRC)<\/title>\n<meta name=\"description\" content=\"Utilisez ce rapport interactif Profil du bailleur de fonds pour s\u00e9lectionner un bailleur de fonds et une ann\u00e9e, ainsi que pour g\u00e9n\u00e9rer un profil d\u2019une page sur l\u2019investissement annuel par m\u00e9canisme de financement, cat\u00e9gorie de la classification CSO ou domaine scientifique, si\u00e8ge de cancer et province du chercheur principal d\u00e9sign\u00e9.\" \/>\n<meta name=\"robots\" content=\"index, follow, max-snippet:-1, max-image-preview:large, max-video-preview:-1\" \/>\n<link rel=\"canonical\" href=\"http:\/\/www.ccra-acrc.ca\/fr\/tools\/funder-profile\/\" \/>\n<meta property=\"og:locale\" content=\"fr_FR\" \/>\n<meta property=\"og:type\" content=\"article\" \/>\n<meta property=\"og:title\" content=\"Profil du bailleur de fonds | Outils | Alliance canadienne pour la recherche sur le cancer (ACRC)\" \/>\n<meta property=\"og:description\" content=\"Utilisez ce rapport interactif Profil du bailleur de fonds pour s\u00e9lectionner un bailleur de fonds et une ann\u00e9e, ainsi que pour g\u00e9n\u00e9rer un profil d\u2019une page sur l\u2019investissement annuel par m\u00e9canisme de financement, cat\u00e9gorie de la classification CSO ou domaine scientifique, si\u00e8ge de cancer et province du chercheur principal d\u00e9sign\u00e9.\" \/>\n<meta property=\"og:url\" content=\"http:\/\/www.ccra-acrc.ca\/fr\/tools\/funder-profile\/\" \/>\n<meta property=\"og:site_name\" content=\"CCRA\" \/>\n<meta property=\"article:modified_time\" content=\"2024-01-12T12:36:10+00:00\" \/>\n<meta name=\"twitter:card\" content=\"summary_large_image\" \/>\n<script type=\"application\/ld+json\" class=\"yoast-schema-graph\">{\"@context\":\"https:\\\/\\\/schema.org\",\"@graph\":[{\"@type\":\"WebPage\",\"@id\":\"http:\\\/\\\/www.ccra-acrc.ca\\\/fr\\\/tools\\\/funder-profile\\\/\",\"url\":\"http:\\\/\\\/www.ccra-acrc.ca\\\/fr\\\/tools\\\/funder-profile\\\/\",\"name\":\"Profil du bailleur de fonds | Outils | Alliance canadienne pour la recherche sur le cancer (ACRC)\",\"isPartOf\":{\"@id\":\"https:\\\/\\\/www.ccra-acrc.ca\\\/#website\"},\"datePublished\":\"2019-06-20T14:00:27+00:00\",\"dateModified\":\"2024-01-12T12:36:10+00:00\",\"description\":\"Utilisez ce rapport interactif Profil du bailleur de fonds pour s\u00e9lectionner un bailleur de fonds et une ann\u00e9e, ainsi que pour g\u00e9n\u00e9rer un profil d\u2019une page sur l\u2019investissement annuel par m\u00e9canisme de financement, cat\u00e9gorie de la classification CSO ou domaine scientifique, si\u00e8ge de cancer et province du chercheur principal d\u00e9sign\u00e9.\",\"breadcrumb\":{\"@id\":\"http:\\\/\\\/www.ccra-acrc.ca\\\/fr\\\/tools\\\/funder-profile\\\/#breadcrumb\"},\"inLanguage\":\"fr-FR\",\"potentialAction\":[{\"@type\":\"ReadAction\",\"target\":[\"http:\\\/\\\/www.ccra-acrc.ca\\\/fr\\\/tools\\\/funder-profile\\\/\"]}]},{\"@type\":\"BreadcrumbList\",\"@id\":\"http:\\\/\\\/www.ccra-acrc.ca\\\/fr\\\/tools\\\/funder-profile\\\/#breadcrumb\",\"itemListElement\":[{\"@type\":\"ListItem\",\"position\":1,\"name\":\"Outils\",\"item\":\"https:\\\/\\\/www.ccra-acrc.ca\\\/fr\\\/tools\\\/\"},{\"@type\":\"ListItem\",\"position\":2,\"name\":\"Profil du bailleur de fonds\"}]},{\"@type\":\"WebSite\",\"@id\":\"https:\\\/\\\/www.ccra-acrc.ca\\\/#website\",\"url\":\"https:\\\/\\\/www.ccra-acrc.ca\\\/\",\"name\":\"CCRA\",\"description\":\"The Canadian Cancer Research Alliance\",\"publisher\":{\"@id\":\"https:\\\/\\\/www.ccra-acrc.ca\\\/#organization\"},\"potentialAction\":[{\"@type\":\"SearchAction\",\"target\":{\"@type\":\"EntryPoint\",\"urlTemplate\":\"https:\\\/\\\/www.ccra-acrc.ca\\\/?s={search_term_string}\"},\"query-input\":{\"@type\":\"PropertyValueSpecification\",\"valueRequired\":true,\"valueName\":\"search_term_string\"}}],\"inLanguage\":\"fr-FR\"},{\"@type\":\"Organization\",\"@id\":\"https:\\\/\\\/www.ccra-acrc.ca\\\/#organization\",\"name\":\"Canadian Cancer Research Conference\",\"url\":\"https:\\\/\\\/www.ccra-acrc.ca\\\/\",\"logo\":{\"@type\":\"ImageObject\",\"inLanguage\":\"fr-FR\",\"@id\":\"https:\\\/\\\/www.ccra-acrc.ca\\\/#\\\/schema\\\/logo\\\/image\\\/\",\"url\":\"https:\\\/\\\/www.ccra-acrc.ca\\\/wp-content\\\/uploads\\\/2017\\\/01\\\/ccra_logo.jpg\",\"contentUrl\":\"https:\\\/\\\/www.ccra-acrc.ca\\\/wp-content\\\/uploads\\\/2017\\\/01\\\/ccra_logo.jpg\",\"width\":108,\"height\":78,\"caption\":\"Canadian Cancer Research Conference\"},\"image\":{\"@id\":\"https:\\\/\\\/www.ccra-acrc.ca\\\/#\\\/schema\\\/logo\\\/image\\\/\"}}]}<\/script>\n<!-- \/ Yoast SEO plugin. -->","yoast_head_json":{"title":"Profil du bailleur de fonds | Outils | Alliance canadienne pour la recherche sur le cancer (ACRC)","description":"Utilisez ce rapport interactif Profil du bailleur de fonds pour s\u00e9lectionner un bailleur de fonds et une ann\u00e9e, ainsi que pour g\u00e9n\u00e9rer un profil d\u2019une page sur l\u2019investissement annuel par m\u00e9canisme de financement, cat\u00e9gorie de la classification CSO ou domaine scientifique, si\u00e8ge de cancer et province du chercheur principal d\u00e9sign\u00e9.","robots":{"index":"index","follow":"follow","max-snippet":"max-snippet:-1","max-image-preview":"max-image-preview:large","max-video-preview":"max-video-preview:-1"},"canonical":"http:\/\/www.ccra-acrc.ca\/fr\/tools\/funder-profile\/","og_locale":"fr_FR","og_type":"article","og_title":"Profil du bailleur de fonds | Outils | Alliance canadienne pour la recherche sur le cancer (ACRC)","og_description":"Utilisez ce rapport interactif Profil du bailleur de fonds pour s\u00e9lectionner un bailleur de fonds et une ann\u00e9e, ainsi que pour g\u00e9n\u00e9rer un profil d\u2019une page sur l\u2019investissement annuel par m\u00e9canisme de financement, cat\u00e9gorie de la classification CSO ou domaine scientifique, si\u00e8ge de cancer et province du chercheur principal d\u00e9sign\u00e9.","og_url":"http:\/\/www.ccra-acrc.ca\/fr\/tools\/funder-profile\/","og_site_name":"CCRA","article_modified_time":"2024-01-12T12:36:10+00:00","twitter_card":"summary_large_image","schema":{"@context":"https:\/\/schema.org","@graph":[{"@type":"WebPage","@id":"http:\/\/www.ccra-acrc.ca\/fr\/tools\/funder-profile\/","url":"http:\/\/www.ccra-acrc.ca\/fr\/tools\/funder-profile\/","name":"Profil du bailleur de fonds | Outils | Alliance canadienne pour la recherche sur le cancer (ACRC)","isPartOf":{"@id":"https:\/\/www.ccra-acrc.ca\/#website"},"datePublished":"2019-06-20T14:00:27+00:00","dateModified":"2024-01-12T12:36:10+00:00","description":"Utilisez ce rapport interactif Profil du bailleur de fonds pour s\u00e9lectionner un bailleur de fonds et une ann\u00e9e, ainsi que pour g\u00e9n\u00e9rer un profil d\u2019une page sur l\u2019investissement annuel par m\u00e9canisme de financement, cat\u00e9gorie de la classification CSO ou domaine scientifique, si\u00e8ge de cancer et province du chercheur principal d\u00e9sign\u00e9.","breadcrumb":{"@id":"http:\/\/www.ccra-acrc.ca\/fr\/tools\/funder-profile\/#breadcrumb"},"inLanguage":"fr-FR","potentialAction":[{"@type":"ReadAction","target":["http:\/\/www.ccra-acrc.ca\/fr\/tools\/funder-profile\/"]}]},{"@type":"BreadcrumbList","@id":"http:\/\/www.ccra-acrc.ca\/fr\/tools\/funder-profile\/#breadcrumb","itemListElement":[{"@type":"ListItem","position":1,"name":"Outils","item":"https:\/\/www.ccra-acrc.ca\/fr\/tools\/"},{"@type":"ListItem","position":2,"name":"Profil du bailleur de fonds"}]},{"@type":"WebSite","@id":"https:\/\/www.ccra-acrc.ca\/#website","url":"https:\/\/www.ccra-acrc.ca\/","name":"CCRA","description":"The Canadian Cancer Research Alliance","publisher":{"@id":"https:\/\/www.ccra-acrc.ca\/#organization"},"potentialAction":[{"@type":"SearchAction","target":{"@type":"EntryPoint","urlTemplate":"https:\/\/www.ccra-acrc.ca\/?s={search_term_string}"},"query-input":{"@type":"PropertyValueSpecification","valueRequired":true,"valueName":"search_term_string"}}],"inLanguage":"fr-FR"},{"@type":"Organization","@id":"https:\/\/www.ccra-acrc.ca\/#organization","name":"Canadian Cancer Research Conference","url":"https:\/\/www.ccra-acrc.ca\/","logo":{"@type":"ImageObject","inLanguage":"fr-FR","@id":"https:\/\/www.ccra-acrc.ca\/#\/schema\/logo\/image\/","url":"https:\/\/www.ccra-acrc.ca\/wp-content\/uploads\/2017\/01\/ccra_logo.jpg","contentUrl":"https:\/\/www.ccra-acrc.ca\/wp-content\/uploads\/2017\/01\/ccra_logo.jpg","width":108,"height":78,"caption":"Canadian Cancer Research Conference"},"image":{"@id":"https:\/\/www.ccra-acrc.ca\/#\/schema\/logo\/image\/"}}]}},"_links":{"self":[{"href":"https:\/\/www.ccra-acrc.ca\/fr\/wp-json\/wp\/v2\/pages\/2709","targetHints":{"allow":["GET"]}}],"collection":[{"href":"https:\/\/www.ccra-acrc.ca\/fr\/wp-json\/wp\/v2\/pages"}],"about":[{"href":"https:\/\/www.ccra-acrc.ca\/fr\/wp-json\/wp\/v2\/types\/page"}],"author":[{"embeddable":true,"href":"https:\/\/www.ccra-acrc.ca\/fr\/wp-json\/wp\/v2\/users\/4"}],"replies":[{"embeddable":true,"href":"https:\/\/www.ccra-acrc.ca\/fr\/wp-json\/wp\/v2\/comments?post=2709"}],"version-history":[{"count":0,"href":"https:\/\/www.ccra-acrc.ca\/fr\/wp-json\/wp\/v2\/pages\/2709\/revisions"}],"up":[{"embeddable":true,"href":"https:\/\/www.ccra-acrc.ca\/fr\/wp-json\/wp\/v2\/pages\/2707"}],"wp:attachment":[{"href":"https:\/\/www.ccra-acrc.ca\/fr\/wp-json\/wp\/v2\/media?parent=2709"}],"curies":[{"name":"wp","href":"https:\/\/api.w.org\/{rel}","templated":true}]}}