{"id":2710,"date":"2019-06-20T10:00:40","date_gmt":"2019-06-20T14:00:40","guid":{"rendered":"http:\/\/www.ccra-acrc.ca\/tools\/ranked-results\/"},"modified":"2024-01-12T07:43:30","modified_gmt":"2024-01-12T12:43:30","slug":"ranked-results","status":"publish","type":"page","link":"https:\/\/www.ccra-acrc.ca\/fr\/tools\/ranked-results\/","title":{"rendered":"Classement des r\u00e9sultats"},"content":{"rendered":"","protected":false},"excerpt":{"rendered":"","protected":false},"author":4,"featured_media":0,"parent":2707,"menu_order":3,"comment_status":"closed","ping_status":"closed","template":"template-1col.php","meta":{"_acf_changed":false,"_monsterinsights_skip_tracking":false,"_monsterinsights_sitenote_active":false,"_monsterinsights_sitenote_note":"","_monsterinsights_sitenote_category":0,"footnotes":""},"class_list":["post-2710","page","type-page","status-publish","hentry"],"acf":[],"yoast_head":"<!-- This site is optimized with the Yoast SEO plugin v27.3 - https:\/\/yoast.com\/product\/yoast-seo-wordpress\/ -->\n<title>Classement des r\u00e9sultats | Outils | Alliance canadienne pour la recherche sur le cancer (ACRC)<\/title>\n<meta name=\"description\" content=\"D\u00e9couvrez les 10 principaux investissements annuels dans la recherche sur le cancer par bailleur de fonds, si\u00e8ge de cancer et ville du chercheur principal d\u00e9sign\u00e9 avec ce rapport interactif Classement des r\u00e9sultats.\" \/>\n<meta name=\"robots\" content=\"index, follow, max-snippet:-1, max-image-preview:large, max-video-preview:-1\" \/>\n<link rel=\"canonical\" href=\"http:\/\/www.ccra-acrc.ca\/fr\/tools\/ranked-results\/\" \/>\n<meta property=\"og:locale\" content=\"fr_FR\" \/>\n<meta property=\"og:type\" content=\"article\" \/>\n<meta property=\"og:title\" content=\"Classement des r\u00e9sultats | Outils | Alliance canadienne pour la recherche sur le cancer (ACRC)\" \/>\n<meta property=\"og:description\" content=\"D\u00e9couvrez les 10 principaux investissements annuels dans la recherche sur le cancer par bailleur de fonds, si\u00e8ge de cancer et ville du chercheur principal d\u00e9sign\u00e9 avec ce rapport interactif Classement des r\u00e9sultats.\" \/>\n<meta property=\"og:url\" content=\"http:\/\/www.ccra-acrc.ca\/fr\/tools\/ranked-results\/\" \/>\n<meta property=\"og:site_name\" content=\"CCRA\" \/>\n<meta property=\"article:modified_time\" content=\"2024-01-12T12:43:30+00:00\" \/>\n<meta name=\"twitter:card\" content=\"summary_large_image\" \/>\n<script type=\"application\/ld+json\" class=\"yoast-schema-graph\">{\"@context\":\"https:\\\/\\\/schema.org\",\"@graph\":[{\"@type\":\"WebPage\",\"@id\":\"http:\\\/\\\/www.ccra-acrc.ca\\\/fr\\\/tools\\\/ranked-results\\\/\",\"url\":\"http:\\\/\\\/www.ccra-acrc.ca\\\/fr\\\/tools\\\/ranked-results\\\/\",\"name\":\"Classement des r\u00e9sultats | Outils | Alliance canadienne pour la recherche sur le cancer (ACRC)\",\"isPartOf\":{\"@id\":\"https:\\\/\\\/www.ccra-acrc.ca\\\/#website\"},\"datePublished\":\"2019-06-20T14:00:40+00:00\",\"dateModified\":\"2024-01-12T12:43:30+00:00\",\"description\":\"D\u00e9couvrez les 10 principaux investissements annuels dans la recherche sur le cancer par bailleur de fonds, si\u00e8ge de cancer et ville du chercheur principal d\u00e9sign\u00e9 avec ce rapport interactif Classement des r\u00e9sultats.\",\"breadcrumb\":{\"@id\":\"http:\\\/\\\/www.ccra-acrc.ca\\\/fr\\\/tools\\\/ranked-results\\\/#breadcrumb\"},\"inLanguage\":\"fr-FR\",\"potentialAction\":[{\"@type\":\"ReadAction\",\"target\":[\"http:\\\/\\\/www.ccra-acrc.ca\\\/fr\\\/tools\\\/ranked-results\\\/\"]}]},{\"@type\":\"BreadcrumbList\",\"@id\":\"http:\\\/\\\/www.ccra-acrc.ca\\\/fr\\\/tools\\\/ranked-results\\\/#breadcrumb\",\"itemListElement\":[{\"@type\":\"ListItem\",\"position\":1,\"name\":\"Outils\",\"item\":\"https:\\\/\\\/www.ccra-acrc.ca\\\/fr\\\/tools\\\/\"},{\"@type\":\"ListItem\",\"position\":2,\"name\":\"Classement des r\u00e9sultats\"}]},{\"@type\":\"WebSite\",\"@id\":\"https:\\\/\\\/www.ccra-acrc.ca\\\/#website\",\"url\":\"https:\\\/\\\/www.ccra-acrc.ca\\\/\",\"name\":\"CCRA\",\"description\":\"The Canadian Cancer Research Alliance\",\"publisher\":{\"@id\":\"https:\\\/\\\/www.ccra-acrc.ca\\\/#organization\"},\"potentialAction\":[{\"@type\":\"SearchAction\",\"target\":{\"@type\":\"EntryPoint\",\"urlTemplate\":\"https:\\\/\\\/www.ccra-acrc.ca\\\/?s={search_term_string}\"},\"query-input\":{\"@type\":\"PropertyValueSpecification\",\"valueRequired\":true,\"valueName\":\"search_term_string\"}}],\"inLanguage\":\"fr-FR\"},{\"@type\":\"Organization\",\"@id\":\"https:\\\/\\\/www.ccra-acrc.ca\\\/#organization\",\"name\":\"Canadian Cancer Research Conference\",\"url\":\"https:\\\/\\\/www.ccra-acrc.ca\\\/\",\"logo\":{\"@type\":\"ImageObject\",\"inLanguage\":\"fr-FR\",\"@id\":\"https:\\\/\\\/www.ccra-acrc.ca\\\/#\\\/schema\\\/logo\\\/image\\\/\",\"url\":\"https:\\\/\\\/www.ccra-acrc.ca\\\/wp-content\\\/uploads\\\/2017\\\/01\\\/ccra_logo.jpg\",\"contentUrl\":\"https:\\\/\\\/www.ccra-acrc.ca\\\/wp-content\\\/uploads\\\/2017\\\/01\\\/ccra_logo.jpg\",\"width\":108,\"height\":78,\"caption\":\"Canadian Cancer Research Conference\"},\"image\":{\"@id\":\"https:\\\/\\\/www.ccra-acrc.ca\\\/#\\\/schema\\\/logo\\\/image\\\/\"}}]}<\/script>\n<!-- \/ Yoast SEO plugin. -->","yoast_head_json":{"title":"Classement des r\u00e9sultats | Outils | Alliance canadienne pour la recherche sur le cancer (ACRC)","description":"D\u00e9couvrez les 10 principaux investissements annuels dans la recherche sur le cancer par bailleur de fonds, si\u00e8ge de cancer et ville du chercheur principal d\u00e9sign\u00e9 avec ce rapport interactif Classement des r\u00e9sultats.","robots":{"index":"index","follow":"follow","max-snippet":"max-snippet:-1","max-image-preview":"max-image-preview:large","max-video-preview":"max-video-preview:-1"},"canonical":"http:\/\/www.ccra-acrc.ca\/fr\/tools\/ranked-results\/","og_locale":"fr_FR","og_type":"article","og_title":"Classement des r\u00e9sultats | Outils | Alliance canadienne pour la recherche sur le cancer (ACRC)","og_description":"D\u00e9couvrez les 10 principaux investissements annuels dans la recherche sur le cancer par bailleur de fonds, si\u00e8ge de cancer et ville du chercheur principal d\u00e9sign\u00e9 avec ce rapport interactif Classement des r\u00e9sultats.","og_url":"http:\/\/www.ccra-acrc.ca\/fr\/tools\/ranked-results\/","og_site_name":"CCRA","article_modified_time":"2024-01-12T12:43:30+00:00","twitter_card":"summary_large_image","schema":{"@context":"https:\/\/schema.org","@graph":[{"@type":"WebPage","@id":"http:\/\/www.ccra-acrc.ca\/fr\/tools\/ranked-results\/","url":"http:\/\/www.ccra-acrc.ca\/fr\/tools\/ranked-results\/","name":"Classement des r\u00e9sultats | Outils | Alliance canadienne pour la recherche sur le cancer (ACRC)","isPartOf":{"@id":"https:\/\/www.ccra-acrc.ca\/#website"},"datePublished":"2019-06-20T14:00:40+00:00","dateModified":"2024-01-12T12:43:30+00:00","description":"D\u00e9couvrez les 10 principaux investissements annuels dans la recherche sur le cancer par bailleur de fonds, si\u00e8ge de cancer et ville du chercheur principal d\u00e9sign\u00e9 avec ce rapport interactif Classement des r\u00e9sultats.","breadcrumb":{"@id":"http:\/\/www.ccra-acrc.ca\/fr\/tools\/ranked-results\/#breadcrumb"},"inLanguage":"fr-FR","potentialAction":[{"@type":"ReadAction","target":["http:\/\/www.ccra-acrc.ca\/fr\/tools\/ranked-results\/"]}]},{"@type":"BreadcrumbList","@id":"http:\/\/www.ccra-acrc.ca\/fr\/tools\/ranked-results\/#breadcrumb","itemListElement":[{"@type":"ListItem","position":1,"name":"Outils","item":"https:\/\/www.ccra-acrc.ca\/fr\/tools\/"},{"@type":"ListItem","position":2,"name":"Classement des r\u00e9sultats"}]},{"@type":"WebSite","@id":"https:\/\/www.ccra-acrc.ca\/#website","url":"https:\/\/www.ccra-acrc.ca\/","name":"CCRA","description":"The Canadian Cancer Research Alliance","publisher":{"@id":"https:\/\/www.ccra-acrc.ca\/#organization"},"potentialAction":[{"@type":"SearchAction","target":{"@type":"EntryPoint","urlTemplate":"https:\/\/www.ccra-acrc.ca\/?s={search_term_string}"},"query-input":{"@type":"PropertyValueSpecification","valueRequired":true,"valueName":"search_term_string"}}],"inLanguage":"fr-FR"},{"@type":"Organization","@id":"https:\/\/www.ccra-acrc.ca\/#organization","name":"Canadian Cancer Research Conference","url":"https:\/\/www.ccra-acrc.ca\/","logo":{"@type":"ImageObject","inLanguage":"fr-FR","@id":"https:\/\/www.ccra-acrc.ca\/#\/schema\/logo\/image\/","url":"https:\/\/www.ccra-acrc.ca\/wp-content\/uploads\/2017\/01\/ccra_logo.jpg","contentUrl":"https:\/\/www.ccra-acrc.ca\/wp-content\/uploads\/2017\/01\/ccra_logo.jpg","width":108,"height":78,"caption":"Canadian Cancer Research Conference"},"image":{"@id":"https:\/\/www.ccra-acrc.ca\/#\/schema\/logo\/image\/"}}]}},"_links":{"self":[{"href":"https:\/\/www.ccra-acrc.ca\/fr\/wp-json\/wp\/v2\/pages\/2710","targetHints":{"allow":["GET"]}}],"collection":[{"href":"https:\/\/www.ccra-acrc.ca\/fr\/wp-json\/wp\/v2\/pages"}],"about":[{"href":"https:\/\/www.ccra-acrc.ca\/fr\/wp-json\/wp\/v2\/types\/page"}],"author":[{"embeddable":true,"href":"https:\/\/www.ccra-acrc.ca\/fr\/wp-json\/wp\/v2\/users\/4"}],"replies":[{"embeddable":true,"href":"https:\/\/www.ccra-acrc.ca\/fr\/wp-json\/wp\/v2\/comments?post=2710"}],"version-history":[{"count":0,"href":"https:\/\/www.ccra-acrc.ca\/fr\/wp-json\/wp\/v2\/pages\/2710\/revisions"}],"up":[{"embeddable":true,"href":"https:\/\/www.ccra-acrc.ca\/fr\/wp-json\/wp\/v2\/pages\/2707"}],"wp:attachment":[{"href":"https:\/\/www.ccra-acrc.ca\/fr\/wp-json\/wp\/v2\/media?parent=2710"}],"curies":[{"name":"wp","href":"https:\/\/api.w.org\/{rel}","templated":true}]}}