{"id":2717,"date":"2019-06-20T10:03:02","date_gmt":"2019-06-20T14:03:02","guid":{"rendered":"http:\/\/www.ccra-acrc.ca\/tools\/palliative-and-end-of-life-care-visualization\/"},"modified":"2025-02-18T19:19:42","modified_gmt":"2025-02-19T00:19:42","slug":"palliative-and-end-of-life-care-visualization","status":"publish","type":"page","link":"https:\/\/www.ccra-acrc.ca\/fr\/tools\/palliative-and-end-of-life-care-visualization\/","title":{"rendered":"Visualisation des donn\u00e9es sur les soins palliatifs et de fin de vie li\u00e9s au cancer"},"content":{"rendered":"","protected":false},"excerpt":{"rendered":"","protected":false},"author":4,"featured_media":0,"parent":2707,"menu_order":10,"comment_status":"closed","ping_status":"closed","template":"template-1col.php","meta":{"_acf_changed":false,"_monsterinsights_skip_tracking":false,"_monsterinsights_sitenote_active":false,"_monsterinsights_sitenote_note":"","_monsterinsights_sitenote_category":0,"footnotes":""},"class_list":["post-2717","page","type-page","status-publish","hentry"],"acf":[],"yoast_head":"<!-- This site is optimized with the Yoast SEO plugin v27.2 - https:\/\/yoast.com\/product\/yoast-seo-wordpress\/ -->\n<title>Visualisation des donn\u00e9es sur les soins palliatifs et de fin de vie li\u00e9s au cancer | Outils | ACRC<\/title>\n<meta name=\"description\" content=\"Utilisez cet outil de visualisation pour d\u00e9couvrir comment l\u2019investissement dans la recherche sur les soins palliatifs et de fin de vie li\u00e9s au cancer a \u00e9volu\u00e9 sur 15 ans, de 2005 \u00e0 2019.\" \/>\n<meta name=\"robots\" content=\"index, follow, max-snippet:-1, max-image-preview:large, max-video-preview:-1\" \/>\n<link rel=\"canonical\" href=\"https:\/\/www.ccra-acrc.ca\/fr\/tools\/palliative-and-end-of-life-care-visualization\/\" \/>\n<meta property=\"og:locale\" content=\"fr_FR\" \/>\n<meta property=\"og:type\" content=\"article\" \/>\n<meta property=\"og:title\" content=\"Visualisation des donn\u00e9es sur les soins palliatifs et de fin de vie li\u00e9s au cancer | Outils | ACRC\" \/>\n<meta property=\"og:description\" content=\"Utilisez cet outil de visualisation pour d\u00e9couvrir comment l\u2019investissement dans la recherche sur les soins palliatifs et de fin de vie li\u00e9s au cancer a \u00e9volu\u00e9 sur 15 ans, de 2005 \u00e0 2019.\" \/>\n<meta property=\"og:url\" content=\"https:\/\/www.ccra-acrc.ca\/fr\/tools\/palliative-and-end-of-life-care-visualization\/\" \/>\n<meta property=\"og:site_name\" content=\"CCRA\" \/>\n<meta property=\"article:modified_time\" content=\"2025-02-19T00:19:42+00:00\" \/>\n<meta name=\"twitter:card\" content=\"summary_large_image\" \/>\n<script type=\"application\/ld+json\" class=\"yoast-schema-graph\">{\"@context\":\"https:\/\/schema.org\",\"@graph\":[{\"@type\":\"WebPage\",\"@id\":\"https:\/\/www.ccra-acrc.ca\/fr\/tools\/palliative-and-end-of-life-care-visualization\/\",\"url\":\"https:\/\/www.ccra-acrc.ca\/fr\/tools\/palliative-and-end-of-life-care-visualization\/\",\"name\":\"Visualisation des donn\u00e9es sur les soins palliatifs et de fin de vie li\u00e9s au cancer | Outils | ACRC\",\"isPartOf\":{\"@id\":\"https:\/\/www.ccra-acrc.ca\/#website\"},\"datePublished\":\"2019-06-20T14:03:02+00:00\",\"dateModified\":\"2025-02-19T00:19:42+00:00\",\"description\":\"Utilisez cet outil de visualisation pour d\u00e9couvrir comment l\u2019investissement dans la recherche sur les soins palliatifs et de fin de vie li\u00e9s au cancer a \u00e9volu\u00e9 sur 15 ans, de 2005 \u00e0 2019.\",\"breadcrumb\":{\"@id\":\"https:\/\/www.ccra-acrc.ca\/fr\/tools\/palliative-and-end-of-life-care-visualization\/#breadcrumb\"},\"inLanguage\":\"fr-FR\",\"potentialAction\":[{\"@type\":\"ReadAction\",\"target\":[\"https:\/\/www.ccra-acrc.ca\/fr\/tools\/palliative-and-end-of-life-care-visualization\/\"]}]},{\"@type\":\"BreadcrumbList\",\"@id\":\"https:\/\/www.ccra-acrc.ca\/fr\/tools\/palliative-and-end-of-life-care-visualization\/#breadcrumb\",\"itemListElement\":[{\"@type\":\"ListItem\",\"position\":1,\"name\":\"Outils\",\"item\":\"https:\/\/www.ccra-acrc.ca\/fr\/tools\/\"},{\"@type\":\"ListItem\",\"position\":2,\"name\":\"Visualisation des donn\u00e9es sur les soins palliatifs et de fin de vie li\u00e9s au cancer\"}]},{\"@type\":\"WebSite\",\"@id\":\"https:\/\/www.ccra-acrc.ca\/#website\",\"url\":\"https:\/\/www.ccra-acrc.ca\/\",\"name\":\"CCRA\",\"description\":\"The Canadian Cancer Research Alliance\",\"publisher\":{\"@id\":\"https:\/\/www.ccra-acrc.ca\/#organization\"},\"potentialAction\":[{\"@type\":\"SearchAction\",\"target\":{\"@type\":\"EntryPoint\",\"urlTemplate\":\"https:\/\/www.ccra-acrc.ca\/?s={search_term_string}\"},\"query-input\":{\"@type\":\"PropertyValueSpecification\",\"valueRequired\":true,\"valueName\":\"search_term_string\"}}],\"inLanguage\":\"fr-FR\"},{\"@type\":\"Organization\",\"@id\":\"https:\/\/www.ccra-acrc.ca\/#organization\",\"name\":\"Canadian Cancer Research Conference\",\"url\":\"https:\/\/www.ccra-acrc.ca\/\",\"logo\":{\"@type\":\"ImageObject\",\"inLanguage\":\"fr-FR\",\"@id\":\"https:\/\/www.ccra-acrc.ca\/#\/schema\/logo\/image\/\",\"url\":\"https:\/\/www.ccra-acrc.ca\/wp-content\/uploads\/2017\/01\/ccra_logo.jpg\",\"contentUrl\":\"https:\/\/www.ccra-acrc.ca\/wp-content\/uploads\/2017\/01\/ccra_logo.jpg\",\"width\":108,\"height\":78,\"caption\":\"Canadian Cancer Research Conference\"},\"image\":{\"@id\":\"https:\/\/www.ccra-acrc.ca\/#\/schema\/logo\/image\/\"}}]}<\/script>\n<!-- \/ Yoast SEO plugin. -->","yoast_head_json":{"title":"Visualisation des donn\u00e9es sur les soins palliatifs et de fin de vie li\u00e9s au cancer | Outils | ACRC","description":"Utilisez cet outil de visualisation pour d\u00e9couvrir comment l\u2019investissement dans la recherche sur les soins palliatifs et de fin de vie li\u00e9s au cancer a \u00e9volu\u00e9 sur 15 ans, de 2005 \u00e0 2019.","robots":{"index":"index","follow":"follow","max-snippet":"max-snippet:-1","max-image-preview":"max-image-preview:large","max-video-preview":"max-video-preview:-1"},"canonical":"https:\/\/www.ccra-acrc.ca\/fr\/tools\/palliative-and-end-of-life-care-visualization\/","og_locale":"fr_FR","og_type":"article","og_title":"Visualisation des donn\u00e9es sur les soins palliatifs et de fin de vie li\u00e9s au cancer | Outils | ACRC","og_description":"Utilisez cet outil de visualisation pour d\u00e9couvrir comment l\u2019investissement dans la recherche sur les soins palliatifs et de fin de vie li\u00e9s au cancer a \u00e9volu\u00e9 sur 15 ans, de 2005 \u00e0 2019.","og_url":"https:\/\/www.ccra-acrc.ca\/fr\/tools\/palliative-and-end-of-life-care-visualization\/","og_site_name":"CCRA","article_modified_time":"2025-02-19T00:19:42+00:00","twitter_card":"summary_large_image","schema":{"@context":"https:\/\/schema.org","@graph":[{"@type":"WebPage","@id":"https:\/\/www.ccra-acrc.ca\/fr\/tools\/palliative-and-end-of-life-care-visualization\/","url":"https:\/\/www.ccra-acrc.ca\/fr\/tools\/palliative-and-end-of-life-care-visualization\/","name":"Visualisation des donn\u00e9es sur les soins palliatifs et de fin de vie li\u00e9s au cancer | Outils | ACRC","isPartOf":{"@id":"https:\/\/www.ccra-acrc.ca\/#website"},"datePublished":"2019-06-20T14:03:02+00:00","dateModified":"2025-02-19T00:19:42+00:00","description":"Utilisez cet outil de visualisation pour d\u00e9couvrir comment l\u2019investissement dans la recherche sur les soins palliatifs et de fin de vie li\u00e9s au cancer a \u00e9volu\u00e9 sur 15 ans, de 2005 \u00e0 2019.","breadcrumb":{"@id":"https:\/\/www.ccra-acrc.ca\/fr\/tools\/palliative-and-end-of-life-care-visualization\/#breadcrumb"},"inLanguage":"fr-FR","potentialAction":[{"@type":"ReadAction","target":["https:\/\/www.ccra-acrc.ca\/fr\/tools\/palliative-and-end-of-life-care-visualization\/"]}]},{"@type":"BreadcrumbList","@id":"https:\/\/www.ccra-acrc.ca\/fr\/tools\/palliative-and-end-of-life-care-visualization\/#breadcrumb","itemListElement":[{"@type":"ListItem","position":1,"name":"Outils","item":"https:\/\/www.ccra-acrc.ca\/fr\/tools\/"},{"@type":"ListItem","position":2,"name":"Visualisation des donn\u00e9es sur les soins palliatifs et de fin de vie li\u00e9s au cancer"}]},{"@type":"WebSite","@id":"https:\/\/www.ccra-acrc.ca\/#website","url":"https:\/\/www.ccra-acrc.ca\/","name":"CCRA","description":"The Canadian Cancer Research Alliance","publisher":{"@id":"https:\/\/www.ccra-acrc.ca\/#organization"},"potentialAction":[{"@type":"SearchAction","target":{"@type":"EntryPoint","urlTemplate":"https:\/\/www.ccra-acrc.ca\/?s={search_term_string}"},"query-input":{"@type":"PropertyValueSpecification","valueRequired":true,"valueName":"search_term_string"}}],"inLanguage":"fr-FR"},{"@type":"Organization","@id":"https:\/\/www.ccra-acrc.ca\/#organization","name":"Canadian Cancer Research Conference","url":"https:\/\/www.ccra-acrc.ca\/","logo":{"@type":"ImageObject","inLanguage":"fr-FR","@id":"https:\/\/www.ccra-acrc.ca\/#\/schema\/logo\/image\/","url":"https:\/\/www.ccra-acrc.ca\/wp-content\/uploads\/2017\/01\/ccra_logo.jpg","contentUrl":"https:\/\/www.ccra-acrc.ca\/wp-content\/uploads\/2017\/01\/ccra_logo.jpg","width":108,"height":78,"caption":"Canadian Cancer Research Conference"},"image":{"@id":"https:\/\/www.ccra-acrc.ca\/#\/schema\/logo\/image\/"}}]}},"_links":{"self":[{"href":"https:\/\/www.ccra-acrc.ca\/fr\/wp-json\/wp\/v2\/pages\/2717","targetHints":{"allow":["GET"]}}],"collection":[{"href":"https:\/\/www.ccra-acrc.ca\/fr\/wp-json\/wp\/v2\/pages"}],"about":[{"href":"https:\/\/www.ccra-acrc.ca\/fr\/wp-json\/wp\/v2\/types\/page"}],"author":[{"embeddable":true,"href":"https:\/\/www.ccra-acrc.ca\/fr\/wp-json\/wp\/v2\/users\/4"}],"replies":[{"embeddable":true,"href":"https:\/\/www.ccra-acrc.ca\/fr\/wp-json\/wp\/v2\/comments?post=2717"}],"version-history":[{"count":0,"href":"https:\/\/www.ccra-acrc.ca\/fr\/wp-json\/wp\/v2\/pages\/2717\/revisions"}],"up":[{"embeddable":true,"href":"https:\/\/www.ccra-acrc.ca\/fr\/wp-json\/wp\/v2\/pages\/2707"}],"wp:attachment":[{"href":"https:\/\/www.ccra-acrc.ca\/fr\/wp-json\/wp\/v2\/media?parent=2717"}],"curies":[{"name":"wp","href":"https:\/\/api.w.org\/{rel}","templated":true}]}}